{"id":186,"date":"2025-12-16T13:15:33","date_gmt":"2025-12-16T12:15:33","guid":{"rendered":"https:\/\/essence-vagabonde.fr\/?page_id=186"},"modified":"2025-12-16T22:17:41","modified_gmt":"2025-12-16T21:17:41","slug":"infos-pratiques","status":"publish","type":"page","link":"https:\/\/essence-vagabonde.fr\/?page_id=186","title":{"rendered":"Infos pratiques"},"content":{"rendered":"\t\t<div data-elementor-type=\"wp-page\" data-elementor-id=\"186\" class=\"elementor elementor-186\">\n\t\t\t\t<div class=\"elementor-element elementor-element-27e0fe3 e-flex e-con-boxed e-con e-parent\" data-id=\"27e0fe3\" data-element_type=\"container\">\n\t\t\t\t\t<div class=\"e-con-inner\">\n\t\t\t\t<div class=\"elementor-element elementor-element-06869de elementor-widget elementor-widget-heading\" data-id=\"06869de\" data-element_type=\"widget\" data-widget_type=\"heading.default\">\n\t\t\t\t\t<h1 class=\"elementor-heading-title elementor-size-default\">Infos pratiques<\/h1>\t\t\t\t<\/div>\n\t\t\t\t<div class=\"elementor-element elementor-element-c9153da elementor-widget elementor-widget-text-editor\" data-id=\"c9153da\" data-element_type=\"widget\" data-widget_type=\"text-editor.default\">\n\t\t\t\t\t\t\t\t\t<p>Des r\u00e9ponses claires, pour acheter en toute confiance.<\/p>\t\t\t\t\t\t\t\t<\/div>\n\t\t\t\t\t<\/div>\n\t\t\t\t<\/div>\n\t\t<div class=\"elementor-element elementor-element-83bbb1e e-flex e-con-boxed e-con e-parent\" data-id=\"83bbb1e\" data-element_type=\"container\">\n\t\t\t\t\t<div class=\"e-con-inner\">\n\t\t\t\t<div class=\"elementor-element elementor-element-28d5ce2 elementor-widget elementor-widget-heading\" data-id=\"28d5ce2\" data-element_type=\"widget\" data-widget_type=\"heading.default\">\n\t\t\t\t\t<h2 class=\"elementor-heading-title elementor-size-default\">Livraison<\/h2>\t\t\t\t<\/div>\n\t\t\t\t<div class=\"elementor-element elementor-element-e977ac0 elementor-widget elementor-widget-text-editor\" data-id=\"e977ac0\" data-element_type=\"widget\" data-widget_type=\"text-editor.default\">\n\t\t\t\t\t\t\t\t\t<p data-start=\"373\" data-end=\"451\">Les commandes sont pr\u00e9par\u00e9es avec soin et exp\u00e9di\u00e9es dans les meilleurs d\u00e9lais.<\/p><ul data-start=\"453\" data-end=\"691\"><li data-start=\"453\" data-end=\"503\"><p data-start=\"455\" data-end=\"503\"><strong data-start=\"455\" data-end=\"480\">D\u00e9lais de pr\u00e9paration<\/strong> : 1 \u00e0 3 jours ouvr\u00e9s<\/p><\/li><li data-start=\"504\" data-end=\"574\"><p data-start=\"506\" data-end=\"574\"><strong data-start=\"506\" data-end=\"529\">D\u00e9lais de livraison<\/strong> : 2 \u00e0 5 jours ouvr\u00e9s selon le transporteur<\/p><\/li><li data-start=\"575\" data-end=\"617\"><p data-start=\"577\" data-end=\"617\"><strong data-start=\"577\" data-end=\"615\">Livraison en France m\u00e9tropolitaine<\/strong><\/p><\/li><li data-start=\"618\" data-end=\"691\"><p data-start=\"620\" data-end=\"691\">Le montant des frais de livraison est indiqu\u00e9 lors du passage en caisse<\/p><\/li><\/ul><p data-start=\"693\" data-end=\"778\">Une fois la commande exp\u00e9di\u00e9e, un email de confirmation avec le suivi sera envoy\u00e9.<\/p>\t\t\t\t\t\t\t\t<\/div>\n\t\t\t\t<div class=\"elementor-element elementor-element-db69b8c elementor-widget elementor-widget-heading\" data-id=\"db69b8c\" data-element_type=\"widget\" data-widget_type=\"heading.default\">\n\t\t\t\t\t<h2 class=\"elementor-heading-title elementor-size-default\">Retours &amp; \u00e9changes<\/h2>\t\t\t\t<\/div>\n\t\t\t\t<div class=\"elementor-element elementor-element-7e3a414 elementor-widget elementor-widget-text-editor\" data-id=\"7e3a414\" data-element_type=\"widget\" data-widget_type=\"text-editor.default\">\n\t\t\t\t\t\t\t\t\t<p data-start=\"816\" data-end=\"917\">Si un article ne vous convient pas, vous disposez de <strong data-start=\"865\" data-end=\"893\">14 jours apr\u00e8s r\u00e9ception<\/strong> pour nous le retourner.<\/p><p data-start=\"919\" data-end=\"931\">Conditions :<\/p><ul data-start=\"932\" data-end=\"1122\"><li data-start=\"932\" data-end=\"998\"><p data-start=\"934\" data-end=\"998\">l\u2019article doit \u00eatre <strong data-start=\"954\" data-end=\"998\">non port\u00e9, non lav\u00e9, avec ses \u00e9tiquettes<\/strong><\/p><\/li><li data-start=\"999\" data-end=\"1047\"><p data-start=\"1001\" data-end=\"1047\">les frais de retour sont \u00e0 la charge du client<\/p><\/li><li data-start=\"1048\" data-end=\"1122\"><p data-start=\"1050\" data-end=\"1122\">le remboursement est effectu\u00e9 apr\u00e8s r\u00e9ception et v\u00e9rification du produit<\/p><\/li><\/ul><p data-start=\"1124\" data-end=\"1196\">Pour toute demande de retour, il suffit de nous contacter avant l\u2019envoi.<\/p><p data-start=\"1198\" data-end=\"1274\">\ud83d\udc49 L\u2019objectif n\u2019est pas de compliquer, mais de rester justes des deux c\u00f4t\u00e9s.<\/p>\t\t\t\t\t\t\t\t<\/div>\n\t\t\t\t<div class=\"elementor-element elementor-element-42f4981 elementor-widget elementor-widget-heading\" data-id=\"42f4981\" data-element_type=\"widget\" data-widget_type=\"heading.default\">\n\t\t\t\t\t<h2 class=\"elementor-heading-title elementor-size-default\">Paiement s\u00e9curis\u00e9<\/h2>\t\t\t\t<\/div>\n\t\t\t\t<div class=\"elementor-element elementor-element-d3114d3 elementor-widget elementor-widget-text-editor\" data-id=\"d3114d3\" data-element_type=\"widget\" data-widget_type=\"text-editor.default\">\n\t\t\t\t\t\t\t\t\t<p data-start=\"1311\" data-end=\"1368\">Le paiement sur Essence Vagabonde est <strong data-start=\"1349\" data-end=\"1367\">100 % s\u00e9curis\u00e9<\/strong>.<\/p><p data-start=\"1370\" data-end=\"1399\">Moyens de paiement accept\u00e9s :<\/p><ul data-start=\"1400\" data-end=\"1479\"><li data-start=\"1400\" data-end=\"1418\"><p data-start=\"1402\" data-end=\"1418\">Carte bancaire<\/p><\/li><li data-start=\"1419\" data-end=\"1479\"><p data-start=\"1421\" data-end=\"1479\">Paypal<\/p><\/li><\/ul><p data-start=\"1481\" data-end=\"1543\">Les donn\u00e9es bancaires ne sont <strong data-start=\"1511\" data-end=\"1530\">jamais stock\u00e9es<\/strong> sur le site.<\/p>\t\t\t\t\t\t\t\t<\/div>\n\t\t\t\t<div class=\"elementor-element elementor-element-8c03bb2 elementor-widget elementor-widget-heading\" data-id=\"8c03bb2\" data-element_type=\"widget\" data-widget_type=\"heading.default\">\n\t\t\t\t\t<h2 class=\"elementor-heading-title elementor-size-default\">Tailles &amp; conseils<\/h2>\t\t\t\t<\/div>\n\t\t\t\t<div class=\"elementor-element elementor-element-1c26276 elementor-widget elementor-widget-text-editor\" data-id=\"1c26276\" data-element_type=\"widget\" data-widget_type=\"text-editor.default\">\n\t\t\t\t\t\t\t\t\t<p data-start=\"1581\" data-end=\"1612\">Chaque fiche produit contient :<\/p><ul data-start=\"1613\" data-end=\"1716\"><li data-start=\"1613\" data-end=\"1640\"><p data-start=\"1615\" data-end=\"1640\">les informations de coupe<\/p><\/li><li data-start=\"1641\" data-end=\"1676\"><p data-start=\"1643\" data-end=\"1676\">la taille port\u00e9e par le mannequin<\/p><\/li><li data-start=\"1677\" data-end=\"1716\"><p data-start=\"1679\" data-end=\"1716\">des conseils pour choisir sereinement<\/p><\/li><\/ul><p data-start=\"1718\" data-end=\"1738\">\ud83d\udc49 En cas de doute :<\/p><ul data-start=\"1739\" data-end=\"1839\"><li data-start=\"1739\" data-end=\"1801\"><p data-start=\"1741\" data-end=\"1801\">privil\u00e9giez les <strong data-start=\"1756\" data-end=\"1780\">pi\u00e8ces taille unique<\/strong> pour un port\u00e9 fluide<\/p><\/li><li data-start=\"1802\" data-end=\"1839\"><p data-start=\"1804\" data-end=\"1839\">ou contactez-nous avant de commander<\/p><\/li><\/ul><p data-start=\"1841\" data-end=\"1905\">Nous pr\u00e9f\u00e9rons un \u00e9change avant l\u2019achat qu\u2019une h\u00e9sitation apr\u00e8s.<\/p>\t\t\t\t\t\t\t\t<\/div>\n\t\t\t\t<div class=\"elementor-element elementor-element-6a6c3ce elementor-widget elementor-widget-heading\" data-id=\"6a6c3ce\" data-element_type=\"widget\" data-widget_type=\"heading.default\">\n\t\t\t\t\t<h2 class=\"elementor-heading-title elementor-size-default\">Besoin d\u2019aide ?<\/h2>\t\t\t\t<\/div>\n\t\t\t\t<div class=\"elementor-element elementor-element-aea070a elementor-widget elementor-widget-text-editor\" data-id=\"aea070a\" data-element_type=\"widget\" data-widget_type=\"text-editor.default\">\n\t\t\t\t\t\t\t\t\t<p data-start=\"1940\" data-end=\"1997\">Une question sur un produit, une taille ou une commande ?<\/p><p data-start=\"1940\" data-end=\"1997\">Vous pouvez nous contacter via notre page contact. <br \/>Nous r\u00e9pondons avec attention et simplicit\u00e9.<\/p>\t\t\t\t\t\t\t\t<\/div>\n\t\t\t\t<div class=\"elementor-element elementor-element-0335695 elementor-align-left elementor-widget elementor-widget-button\" data-id=\"0335695\" data-element_type=\"widget\" data-widget_type=\"button.default\">\n\t\t\t\t\t\t\t\t\t\t<a class=\"elementor-button elementor-button-link elementor-size-sm\" href=\"https:\/\/essence-vagabonde.fr\/?page_id=92\">\n\t\t\t\t\t\t<span class=\"elementor-button-content-wrapper\">\n\t\t\t\t\t\t\t\t\t<span class=\"elementor-button-text\">Contact<\/span>\n\t\t\t\t\t<\/span>\n\t\t\t\t\t<\/a>\n\t\t\t\t\t\t\t\t<\/div>\n\t\t\t\t<div class=\"elementor-element elementor-element-d2c041f elementor-widget-divider--view-line elementor-widget elementor-widget-divider\" data-id=\"d2c041f\" data-element_type=\"widget\" data-widget_type=\"divider.default\">\n\t\t\t\t\t\t\t<div class=\"elementor-divider\">\n\t\t\t<span class=\"elementor-divider-separator\">\n\t\t\t\t\t\t<\/span>\n\t\t<\/div>\n\t\t\t\t\t\t<\/div>\n\t\t\t\t<div class=\"elementor-element elementor-element-54a3e05 elementor-widget elementor-widget-text-editor\" data-id=\"54a3e05\" data-element_type=\"widget\" data-widget_type=\"text-editor.default\">\n\t\t\t\t\t\t\t\t\t<p>Essence Vagabonde privil\u00e9gie une relation simple, humaine et transparente.<br data-start=\"2234\" data-end=\"2237\" \/>Acheter doit rester un plaisir, pas une source de stress.<\/p>\t\t\t\t\t\t\t\t<\/div>\n\t\t\t\t<div class=\"elementor-element elementor-element-586606b elementor-align-center elementor-widget elementor-widget-button\" data-id=\"586606b\" data-element_type=\"widget\" data-widget_type=\"button.default\">\n\t\t\t\t\t\t\t\t\t\t<a class=\"elementor-button elementor-button-link elementor-size-sm\" href=\"https:\/\/essence-vagabonde.fr\/?post_type=product\">\n\t\t\t\t\t\t<span class=\"elementor-button-content-wrapper\">\n\t\t\t\t\t\t\t\t\t<span class=\"elementor-button-text\">Retourner \u00e0 la boutique<\/span>\n\t\t\t\t\t<\/span>\n\t\t\t\t\t<\/a>\n\t\t\t\t\t\t\t\t<\/div>\n\t\t\t\t<div class=\"elementor-element elementor-element-eaf2cf8 elementor-widget elementor-widget-spacer\" data-id=\"eaf2cf8\" data-element_type=\"widget\" data-widget_type=\"spacer.default\">\n\t\t\t\t\t\t\t<div class=\"elementor-spacer\">\n\t\t\t<div class=\"elementor-spacer-inner\"><\/div>\n\t\t<\/div>\n\t\t\t\t\t\t<\/div>\n\t\t\t\t\t<\/div>\n\t\t\t\t<\/div>\n\t\t\t\t<\/div>\n\t\t","protected":false},"excerpt":{"rendered":"<p>Infos pratiques Des r\u00e9ponses claires, pour acheter en toute confiance. Livraison Les commandes sont pr\u00e9par\u00e9es avec soin et exp\u00e9di\u00e9es dans [&hellip;]<\/p>\n","protected":false},"author":1,"featured_media":0,"parent":0,"menu_order":0,"comment_status":"closed","ping_status":"closed","template":"","meta":{"site-sidebar-layout":"no-sidebar","site-content-layout":"","ast-site-content-layout":"full-width-container","site-content-style":"default","site-sidebar-style":"default","ast-global-header-display":"","ast-banner-title-visibility":"","ast-main-header-display":"","ast-hfb-above-header-display":"","ast-hfb-below-header-display":"","ast-hfb-mobile-header-display":"","site-post-title":"disabled","ast-breadcrumbs-content":"","ast-featured-img":"disabled","footer-sml-layout":"","ast-disable-related-posts":"","theme-transparent-header-meta":"","adv-header-id-meta":"","stick-header-meta":"","header-above-stick-meta":"","header-main-stick-meta":"","header-below-stick-meta":"","astra-migrate-meta-layouts":"default","ast-page-background-enabled":"default","ast-page-background-meta":{"desktop":{"background-color":"var(--ast-global-color-5)","background-image":"","background-repeat":"repeat","background-position":"center center","background-size":"auto","background-attachment":"scroll","background-type":"","background-media":"","overlay-type":"","overlay-color":"","overlay-opacity":"","overlay-gradient":""},"tablet":{"background-color":"","background-image":"","background-repeat":"repeat","background-position":"center center","background-size":"auto","background-attachment":"scroll","background-type":"","background-media":"","overlay-type":"","overlay-color":"","overlay-opacity":"","overlay-gradient":""},"mobile":{"background-color":"","background-image":"","background-repeat":"repeat","background-position":"center center","background-size":"auto","background-attachment":"scroll","background-type":"","background-media":"","overlay-type":"","overlay-color":"","overlay-opacity":"","overlay-gradient":""}},"ast-content-background-meta":{"desktop":{"background-color":"var(--ast-global-color-4)","background-image":"","background-repeat":"repeat","background-position":"center center","background-size":"auto","background-attachment":"scroll","background-type":"","background-media":"","overlay-type":"","overlay-color":"","overlay-opacity":"","overlay-gradient":""},"tablet":{"background-color":"var(--ast-global-color-4)","background-image":"","background-repeat":"repeat","background-position":"center center","background-size":"auto","background-attachment":"scroll","background-type":"","background-media":"","overlay-type":"","overlay-color":"","overlay-opacity":"","overlay-gradient":""},"mobile":{"background-color":"var(--ast-global-color-4)","background-image":"","background-repeat":"repeat","background-position":"center center","background-size":"auto","background-attachment":"scroll","background-type":"","background-media":"","overlay-type":"","overlay-color":"","overlay-opacity":"","overlay-gradient":""}},"footnotes":""},"class_list":["post-186","page","type-page","status-publish","hentry"],"_links":{"self":[{"href":"https:\/\/essence-vagabonde.fr\/index.php?rest_route=\/wp\/v2\/pages\/186","targetHints":{"allow":["GET"]}}],"collection":[{"href":"https:\/\/essence-vagabonde.fr\/index.php?rest_route=\/wp\/v2\/pages"}],"about":[{"href":"https:\/\/essence-vagabonde.fr\/index.php?rest_route=\/wp\/v2\/types\/page"}],"author":[{"embeddable":true,"href":"https:\/\/essence-vagabonde.fr\/index.php?rest_route=\/wp\/v2\/users\/1"}],"replies":[{"embeddable":true,"href":"https:\/\/essence-vagabonde.fr\/index.php?rest_route=%2Fwp%2Fv2%2Fcomments&post=186"}],"version-history":[{"count":10,"href":"https:\/\/essence-vagabonde.fr\/index.php?rest_route=\/wp\/v2\/pages\/186\/revisions"}],"predecessor-version":[{"id":250,"href":"https:\/\/essence-vagabonde.fr\/index.php?rest_route=\/wp\/v2\/pages\/186\/revisions\/250"}],"wp:attachment":[{"href":"https:\/\/essence-vagabonde.fr\/index.php?rest_route=%2Fwp%2Fv2%2Fmedia&parent=186"}],"curies":[{"name":"wp","href":"https:\/\/api.w.org\/{rel}","templated":true}]}}