{"id":203,"date":"2025-12-16T20:41:48","date_gmt":"2025-12-16T19:41:48","guid":{"rendered":"https:\/\/essence-vagabonde.fr\/?page_id=203"},"modified":"2025-12-16T20:52:31","modified_gmt":"2025-12-16T19:52:31","slug":"conditions-generales-de-vente","status":"publish","type":"page","link":"https:\/\/essence-vagabonde.fr\/?page_id=203","title":{"rendered":"Conditions g\u00e9n\u00e9rales de vente"},"content":{"rendered":"\t\t<div data-elementor-type=\"wp-page\" data-elementor-id=\"203\" class=\"elementor elementor-203\">\n\t\t\t\t<div class=\"elementor-element elementor-element-0b3b0b1 e-flex e-con-boxed e-con e-parent\" data-id=\"0b3b0b1\" data-element_type=\"container\">\n\t\t\t\t\t<div class=\"e-con-inner\">\n\t\t\t\t<div class=\"elementor-element elementor-element-f2d625a elementor-widget elementor-widget-heading\" data-id=\"f2d625a\" data-element_type=\"widget\" data-widget_type=\"heading.default\">\n\t\t\t\t\t<h1 class=\"elementor-heading-title elementor-size-default\">Conditions G\u00e9n\u00e9rales de Vente<\/h1>\t\t\t\t<\/div>\n\t\t\t\t<div class=\"elementor-element elementor-element-b7d9b40 elementor-widget elementor-widget-text-editor\" data-id=\"b7d9b40\" data-element_type=\"widget\" data-widget_type=\"text-editor.default\">\n\t\t\t\t\t\t\t\t\t<p data-start=\"1478\" data-end=\"1600\">Les pr\u00e9sentes conditions g\u00e9n\u00e9rales de vente s\u2019appliquent \u00e0 toutes les commandes pass\u00e9es sur le site <strong data-start=\"1578\" data-end=\"1599\">Essence Vagabonde<\/strong>.<\/p><hr data-start=\"1602\" data-end=\"1605\" \/><h2 data-start=\"1607\" data-end=\"1647\">Article 1 \u2013 Identification du vendeur<\/h2><p data-start=\"1649\" data-end=\"1690\">Le site Essence Vagabonde est \u00e9dit\u00e9 par :<\/p><p data-start=\"1692\" data-end=\"1842\">Nom : <b>Kamalia Distri<\/b><br data-start=\"1726\" data-end=\"1729\" \/>Statut juridique : <strong data-start=\"1748\" data-end=\"1781\">EURL<\/strong><br data-start=\"1781\" data-end=\"1784\" \/>Adresse :\u00a0<strong>24 rue de la Lib\u00e9ration 50320 La Lucerne d&rsquo;Outremer<\/strong><br data-start=\"1816\" data-end=\"1819\" \/>Email : <strong data-start=\"1827\" data-end=\"1842\">kamaliadistri@gmail.com<\/strong><\/p><hr data-start=\"1844\" data-end=\"1847\" \/><h2 data-start=\"1849\" data-end=\"1872\">Article 2 \u2013 Produits<\/h2><p data-start=\"1874\" data-end=\"2133\">Les produits propos\u00e9s sont ceux d\u00e9crits sur le site au jour de la consultation.<br data-start=\"1953\" data-end=\"1956\" \/>Chaque produit fait l\u2019objet d\u2019une description d\u00e9taill\u00e9e. Les photographies sont les plus fid\u00e8les possibles mais ne peuvent assurer une similitude parfaite avec le produit livr\u00e9.<\/p><hr data-start=\"2135\" data-end=\"2138\" \/><h2 data-start=\"2140\" data-end=\"2159\">Article 3 \u2013 Prix<\/h2><p data-start=\"2161\" data-end=\"2347\">Les prix sont indiqu\u00e9s en euros, toutes taxes comprises (TTC).<br data-start=\"2223\" data-end=\"2226\" \/>Essence Vagabonde se r\u00e9serve le droit de modifier ses prix \u00e0 tout moment, sans incidence sur les commandes d\u00e9j\u00e0 valid\u00e9es.<\/p><hr data-start=\"2349\" data-end=\"2352\" \/><h2 data-start=\"2354\" data-end=\"2377\">Article 4 \u2013 Commande<\/h2><p data-start=\"2379\" data-end=\"2498\">Toute commande pass\u00e9e sur le site implique l\u2019acceptation pleine et enti\u00e8re des pr\u00e9sentes conditions g\u00e9n\u00e9rales de vente.<\/p><hr data-start=\"2500\" data-end=\"2503\" \/><h2 data-start=\"2505\" data-end=\"2528\">Article 5 \u2013 Paiement<\/h2><p data-start=\"2530\" data-end=\"2710\">Le paiement est exigible imm\u00e9diatement \u00e0 la commande.<br data-start=\"2583\" data-end=\"2586\" \/>Les paiements sont s\u00e9curis\u00e9s via les solutions propos\u00e9es par WooCommerce.<br data-start=\"2659\" data-end=\"2662\" \/>Les donn\u00e9es bancaires ne sont jamais conserv\u00e9es.<\/p><hr data-start=\"2712\" data-end=\"2715\" \/><h2 data-start=\"2717\" data-end=\"2741\">Article 6 \u2013 Livraison<\/h2><p data-start=\"2743\" data-end=\"2942\">Les commandes sont exp\u00e9di\u00e9es sous <strong data-start=\"2777\" data-end=\"2799\">1 \u00e0 3 jours ouvr\u00e9s<\/strong>.<br data-start=\"2800\" data-end=\"2803\" \/>Les d\u00e9lais de livraison varient entre <strong data-start=\"2841\" data-end=\"2864\">2 et 5 jours ouvr\u00e9s<\/strong> selon le transporteur.<br data-start=\"2887\" data-end=\"2890\" \/>La livraison est effectu\u00e9e en France m\u00e9tropolitaine.<\/p><hr data-start=\"2944\" data-end=\"2947\" \/><h2 data-start=\"2949\" data-end=\"2985\">Article 7 \u2013 Droit de r\u00e9tractation<\/h2><p data-start=\"2987\" data-end=\"3135\">Conform\u00e9ment \u00e0 la loi, le client dispose d\u2019un d\u00e9lai de <strong data-start=\"3042\" data-end=\"3054\">14 jours<\/strong> \u00e0 compter de la r\u00e9ception de la commande pour exercer son droit de r\u00e9tractation.<\/p><p data-start=\"3137\" data-end=\"3174\">Les produits doivent \u00eatre retourn\u00e9s :<\/p><ul data-start=\"3175\" data-end=\"3223\"><li data-start=\"3175\" data-end=\"3187\"><p data-start=\"3177\" data-end=\"3187\">non port\u00e9s<\/p><\/li><li data-start=\"3188\" data-end=\"3199\"><p data-start=\"3190\" data-end=\"3199\">non lav\u00e9s<\/p><\/li><li data-start=\"3200\" data-end=\"3223\"><p data-start=\"3202\" data-end=\"3223\">avec leurs \u00e9tiquettes<\/p><\/li><\/ul><p data-start=\"3225\" data-end=\"3272\">Les frais de retour sont \u00e0 la charge du client.<\/p><hr data-start=\"3274\" data-end=\"3277\" \/><h2 data-start=\"3279\" data-end=\"3307\">Article 8 \u2013 Remboursement<\/h2><p data-start=\"3309\" data-end=\"3424\">Le remboursement est effectu\u00e9 dans un d\u00e9lai de <strong data-start=\"3356\" data-end=\"3368\">14 jours<\/strong> apr\u00e8s r\u00e9ception et v\u00e9rification des articles retourn\u00e9s.<\/p><hr data-start=\"3426\" data-end=\"3429\" \/><h2 data-start=\"3431\" data-end=\"3460\">Article 9 \u2013 Responsabilit\u00e9<\/h2><p data-start=\"3462\" data-end=\"3582\">Essence Vagabonde ne saurait \u00eatre tenue responsable des dommages r\u00e9sultant d\u2019une mauvaise utilisation du produit achet\u00e9.<\/p><hr data-start=\"3584\" data-end=\"3587\" \/><h2 data-start=\"3589\" data-end=\"3625\">Article 10 \u2013 Donn\u00e9es personnelles<\/h2><p data-start=\"3627\" data-end=\"3721\">Les donn\u00e9es personnelles sont trait\u00e9es conform\u00e9ment \u00e0 la politique de confidentialit\u00e9 du site.<\/p><hr data-start=\"3723\" data-end=\"3726\" \/><h2 data-start=\"3728\" data-end=\"3760\">Article 11 \u2013 Droit applicable<\/h2><p data-start=\"3762\" data-end=\"3838\">Les pr\u00e9sentes conditions g\u00e9n\u00e9rales de vente sont soumises au droit fran\u00e7ais.<\/p>\t\t\t\t\t\t\t\t<\/div>\n\t\t\t\t\t<\/div>\n\t\t\t\t<\/div>\n\t\t\t\t<\/div>\n\t\t","protected":false},"excerpt":{"rendered":"<p>Conditions G\u00e9n\u00e9rales de Vente Les pr\u00e9sentes conditions g\u00e9n\u00e9rales de vente s\u2019appliquent \u00e0 toutes les commandes pass\u00e9es sur le site Essence [&hellip;]<\/p>\n","protected":false},"author":1,"featured_media":0,"parent":0,"menu_order":0,"comment_status":"closed","ping_status":"closed","template":"","meta":{"site-sidebar-layout":"no-sidebar","site-content-layout":"","ast-site-content-layout":"full-width-container","site-content-style":"default","site-sidebar-style":"default","ast-global-header-display":"","ast-banner-title-visibility":"","ast-main-header-display":"","ast-hfb-above-header-display":"","ast-hfb-below-header-display":"","ast-hfb-mobile-header-display":"","site-post-title":"disabled","ast-breadcrumbs-content":"","ast-featured-img":"disabled","footer-sml-layout":"","ast-disable-related-posts":"","theme-transparent-header-meta":"","adv-header-id-meta":"","stick-header-meta":"","header-above-stick-meta":"","header-main-stick-meta":"","header-below-stick-meta":"","astra-migrate-meta-layouts":"default","ast-page-background-enabled":"default","ast-page-background-meta":{"desktop":{"background-color":"var(--ast-global-color-5)","background-image":"","background-repeat":"repeat","background-position":"center center","background-size":"auto","background-attachment":"scroll","background-type":"","background-media":"","overlay-type":"","overlay-color":"","overlay-opacity":"","overlay-gradient":""},"tablet":{"background-color":"","background-image":"","background-repeat":"repeat","background-position":"center center","background-size":"auto","background-attachment":"scroll","background-type":"","background-media":"","overlay-type":"","overlay-color":"","overlay-opacity":"","overlay-gradient":""},"mobile":{"background-color":"","background-image":"","background-repeat":"repeat","background-position":"center center","background-size":"auto","background-attachment":"scroll","background-type":"","background-media":"","overlay-type":"","overlay-color":"","overlay-opacity":"","overlay-gradient":""}},"ast-content-background-meta":{"desktop":{"background-color":"var(--ast-global-color-4)","background-image":"","background-repeat":"repeat","background-position":"center center","background-size":"auto","background-attachment":"scroll","background-type":"","background-media":"","overlay-type":"","overlay-color":"","overlay-opacity":"","overlay-gradient":""},"tablet":{"background-color":"var(--ast-global-color-4)","background-image":"","background-repeat":"repeat","background-position":"center center","background-size":"auto","background-attachment":"scroll","background-type":"","background-media":"","overlay-type":"","overlay-color":"","overlay-opacity":"","overlay-gradient":""},"mobile":{"background-color":"var(--ast-global-color-4)","background-image":"","background-repeat":"repeat","background-position":"center center","background-size":"auto","background-attachment":"scroll","background-type":"","background-media":"","overlay-type":"","overlay-color":"","overlay-opacity":"","overlay-gradient":""}},"footnotes":""},"class_list":["post-203","page","type-page","status-publish","hentry"],"_links":{"self":[{"href":"https:\/\/essence-vagabonde.fr\/index.php?rest_route=\/wp\/v2\/pages\/203","targetHints":{"allow":["GET"]}}],"collection":[{"href":"https:\/\/essence-vagabonde.fr\/index.php?rest_route=\/wp\/v2\/pages"}],"about":[{"href":"https:\/\/essence-vagabonde.fr\/index.php?rest_route=\/wp\/v2\/types\/page"}],"author":[{"embeddable":true,"href":"https:\/\/essence-vagabonde.fr\/index.php?rest_route=\/wp\/v2\/users\/1"}],"replies":[{"embeddable":true,"href":"https:\/\/essence-vagabonde.fr\/index.php?rest_route=%2Fwp%2Fv2%2Fcomments&post=203"}],"version-history":[{"count":5,"href":"https:\/\/essence-vagabonde.fr\/index.php?rest_route=\/wp\/v2\/pages\/203\/revisions"}],"predecessor-version":[{"id":209,"href":"https:\/\/essence-vagabonde.fr\/index.php?rest_route=\/wp\/v2\/pages\/203\/revisions\/209"}],"wp:attachment":[{"href":"https:\/\/essence-vagabonde.fr\/index.php?rest_route=%2Fwp%2Fv2%2Fmedia&parent=203"}],"curies":[{"name":"wp","href":"https:\/\/api.w.org\/{rel}","templated":true}]}}