{"id":3,"date":"2025-12-14T08:31:26","date_gmt":"2025-12-14T07:31:26","guid":{"rendered":"http:\/\/essence-vagabonde.fr\/?page_id=3"},"modified":"2025-12-16T21:08:29","modified_gmt":"2025-12-16T20:08:29","slug":"politique-de-confidentialite","status":"publish","type":"page","link":"https:\/\/essence-vagabonde.fr\/?page_id=3","title":{"rendered":"Politique de confidentialit\u00e9"},"content":{"rendered":"\t\t<div data-elementor-type=\"wp-page\" data-elementor-id=\"3\" class=\"elementor elementor-3\">\n\t\t\t\t<div class=\"elementor-element elementor-element-7195b80 e-flex e-con-boxed e-con e-parent\" data-id=\"7195b80\" data-element_type=\"container\">\n\t\t\t\t\t<div class=\"e-con-inner\">\n\t\t\t\t<div class=\"elementor-element elementor-element-9264d4f elementor-widget elementor-widget-heading\" data-id=\"9264d4f\" data-element_type=\"widget\" data-widget_type=\"heading.default\">\n\t\t\t\t\t<h2 class=\"elementor-heading-title elementor-size-default\">Politique de confidentialit\u00e9<\/h2>\t\t\t\t<\/div>\n\t\t\t\t<div class=\"elementor-element elementor-element-48b7a2a elementor-widget elementor-widget-text-editor\" data-id=\"48b7a2a\" data-element_type=\"widget\" data-widget_type=\"text-editor.default\">\n\t\t\t\t\t\t\t\t\t<p data-start=\"415\" data-end=\"596\">Le site <strong data-start=\"423\" data-end=\"444\">Essence Vagabonde<\/strong>, accessible \u00e0 l\u2019adresse <a href=\"https:\/\/essence-vagabonde.fr\" target=\"_new\" rel=\"noopener\" data-start=\"469\" data-end=\"497\">https:\/\/essence-vagabonde.fr<\/a>, attache une importance particuli\u00e8re \u00e0 la protection des donn\u00e9es personnelles de ses utilisateurs.<\/p>\n<p data-start=\"598\" data-end=\"770\">La pr\u00e9sente politique de confidentialit\u00e9 a pour objectif d\u2019informer les utilisateurs sur la mani\u00e8re dont leurs donn\u00e9es personnelles sont collect\u00e9es, utilis\u00e9es et prot\u00e9g\u00e9es.<\/p>\n<hr data-start=\"772\" data-end=\"775\" \/>\n<h2 data-start=\"777\" data-end=\"811\">Donn\u00e9es personnelles collect\u00e9es<\/h2>\n<p data-start=\"813\" data-end=\"988\">Lorsque vous utilisez le site Essence Vagabonde, certaines donn\u00e9es personnelles peuvent \u00eatre collect\u00e9es, notamment lorsque vous passez commande, cr\u00e9ez un compte ou nous contactez.<\/p>\n<p data-start=\"990\" data-end=\"1030\">Les donn\u00e9es collect\u00e9es peuvent inclure :<\/p>\n<ul data-start=\"1031\" data-end=\"1179\">\n<li data-start=\"1031\" data-end=\"1048\">\n<p data-start=\"1033\" data-end=\"1048\">nom et pr\u00e9nom<\/p>\n<\/li>\n<li data-start=\"1049\" data-end=\"1067\">\n<p data-start=\"1051\" data-end=\"1067\">adresse e-mail<\/p>\n<\/li>\n<li data-start=\"1068\" data-end=\"1114\">\n<p data-start=\"1070\" data-end=\"1114\">adresse postale (livraison et facturation)<\/p>\n<\/li>\n<li data-start=\"1115\" data-end=\"1138\">\n<p data-start=\"1117\" data-end=\"1138\">num\u00e9ro de t\u00e9l\u00e9phone<\/p>\n<\/li>\n<li data-start=\"1139\" data-end=\"1179\">\n<p data-start=\"1141\" data-end=\"1179\">informations relatives aux commandes<\/p>\n<\/li>\n<\/ul>\n<p data-start=\"1181\" data-end=\"1283\">Ces donn\u00e9es sont strictement n\u00e9cessaires au bon fonctionnement du site et au traitement des commandes.<\/p>\n<hr data-start=\"1285\" data-end=\"1288\" \/>\n<h2 data-start=\"1290\" data-end=\"1329\">Utilisation des donn\u00e9es personnelles<\/h2>\n<p data-start=\"1331\" data-end=\"1399\">Les donn\u00e9es personnelles collect\u00e9es sont utilis\u00e9es uniquement pour :<\/p>\n<ul data-start=\"1400\" data-end=\"1539\">\n<li data-start=\"1400\" data-end=\"1428\">\n<p data-start=\"1402\" data-end=\"1428\">la gestion des commandes<\/p>\n<\/li>\n<li data-start=\"1429\" data-end=\"1447\">\n<p data-start=\"1431\" data-end=\"1447\">la facturation<\/p>\n<\/li>\n<li data-start=\"1448\" data-end=\"1477\">\n<p data-start=\"1450\" data-end=\"1477\">la livraison des produits<\/p>\n<\/li>\n<li data-start=\"1478\" data-end=\"1500\">\n<p data-start=\"1480\" data-end=\"1500\">la relation client<\/p>\n<\/li>\n<li data-start=\"1501\" data-end=\"1539\">\n<p data-start=\"1503\" data-end=\"1539\">le respect des obligations l\u00e9gales<\/p>\n<\/li>\n<\/ul>\n<p data-start=\"1541\" data-end=\"1664\">Essence Vagabonde s\u2019engage \u00e0 ne jamais vendre, louer ou c\u00e9der les donn\u00e9es personnelles \u00e0 des tiers \u00e0 des fins commerciales.<\/p>\n<hr data-start=\"1666\" data-end=\"1669\" \/>\n<h2 data-start=\"1671\" data-end=\"1691\">Paiement s\u00e9curis\u00e9<\/h2>\n<p data-start=\"1693\" data-end=\"1869\">Les paiements effectu\u00e9s sur le site sont trait\u00e9s par des prestataires de paiement s\u00e9curis\u00e9s.<br data-start=\"1785\" data-end=\"1788\" \/>Essence Vagabonde n\u2019a <strong data-start=\"1810\" data-end=\"1856\">\u00e0 aucun moment acc\u00e8s aux donn\u00e9es bancaires<\/strong> des clients.<\/p>\n<hr data-start=\"1871\" data-end=\"1874\" \/>\n<h2 data-start=\"1876\" data-end=\"1886\">Cookies<\/h2>\n<p data-start=\"1888\" data-end=\"2019\">Le site Essence Vagabonde utilise des cookies afin d\u2019am\u00e9liorer l\u2019exp\u00e9rience utilisateur et d\u2019assurer le bon fonctionnement du site.<\/p>\n<p data-start=\"2021\" data-end=\"2061\">Les cookies peuvent \u00eatre utilis\u00e9s pour :<\/p>\n<ul data-start=\"2062\" data-end=\"2201\">\n<li data-start=\"2062\" data-end=\"2105\">\n<p data-start=\"2064\" data-end=\"2105\">m\u00e9moriser les pr\u00e9f\u00e9rences de navigation<\/p>\n<\/li>\n<li data-start=\"2106\" data-end=\"2155\">\n<p data-start=\"2108\" data-end=\"2155\">faciliter l\u2019acc\u00e8s \u00e0 certaines fonctionnalit\u00e9s<\/p>\n<\/li>\n<li data-start=\"2156\" data-end=\"2201\">\n<p data-start=\"2158\" data-end=\"2201\">mesurer l\u2019audience du site (le cas \u00e9ch\u00e9ant)<\/p>\n<\/li>\n<\/ul>\n<p data-start=\"2203\" data-end=\"2346\">Vous pouvez<span style=\"font-style: inherit; font-weight: inherit;\">\u00a0\u00e0 tout moment configurer votre navigateur pour refuser les cookies. Certaines fonctionnalit\u00e9s du site pourraient toutefois \u00eatre limit\u00e9es.<\/span><\/p>\n<hr data-start=\"2348\" data-end=\"2351\" \/>\n<h2 data-start=\"2353\" data-end=\"2396\">Contenus embarqu\u00e9s depuis d\u2019autres sites<\/h2>\n<p data-start=\"2398\" data-end=\"2693\">Certaines pages du site peuvent inclure des contenus int\u00e9gr\u00e9s (vid\u00e9os, images, articles).<br data-start=\"2487\" data-end=\"2490\" \/>Les contenus int\u00e9gr\u00e9s depuis d\u2019autres sites se comportent de la m\u00eame mani\u00e8re que si le visiteur se rendait directement sur ces sites tiers, lesquels peuvent collecter des donn\u00e9es et utiliser des cookies.<\/p>\n<hr data-start=\"2695\" data-end=\"2698\" \/>\n<h2 data-start=\"2700\" data-end=\"2736\">Dur\u00e9e de conservation des donn\u00e9es<\/h2>\n<p data-start=\"2738\" data-end=\"2885\">Les donn\u00e9es personnelles sont conserv\u00e9es uniquement pendant la dur\u00e9e n\u00e9cessaire aux finalit\u00e9s pour lesquelles elles ont \u00e9t\u00e9 collect\u00e9es, notamment :<\/p>\n<ul data-start=\"2886\" data-end=\"2952\">\n<li data-start=\"2886\" data-end=\"2914\">\n<p data-start=\"2888\" data-end=\"2914\">traitement des commandes<\/p>\n<\/li>\n<li data-start=\"2915\" data-end=\"2952\">\n<p data-start=\"2917\" data-end=\"2952\">obligations comptables et l\u00e9gales<\/p>\n<\/li>\n<\/ul>\n<p data-start=\"2954\" data-end=\"3059\">Les donn\u00e9es li\u00e9es aux commandes peuvent \u00eatre conserv\u00e9es pour r\u00e9pondre aux obligations l\u00e9gales en vigueur.<\/p>\n<hr data-start=\"3061\" data-end=\"3064\" \/>\n<h2 data-start=\"3066\" data-end=\"3092\">Droits des utilisateurs<\/h2>\n<p data-start=\"3094\" data-end=\"3208\">Conform\u00e9ment \u00e0 la r\u00e9glementation en vigueur, vous disposez des droits suivants concernant vos donn\u00e9es personnelles :<\/p>\n<ul data-start=\"3209\" data-end=\"3301\">\n<li data-start=\"3209\" data-end=\"3226\">\n<p data-start=\"3211\" data-end=\"3226\">droit d\u2019acc\u00e8s<\/p>\n<\/li>\n<li data-start=\"3227\" data-end=\"3253\">\n<p data-start=\"3229\" data-end=\"3253\">droit de rectification<\/p>\n<\/li>\n<li data-start=\"3254\" data-end=\"3278\">\n<p data-start=\"3256\" data-end=\"3278\">droit de suppression<\/p>\n<\/li>\n<li data-start=\"3279\" data-end=\"3301\">\n<p data-start=\"3281\" data-end=\"3301\">droit d\u2019opposition<\/p>\n<\/li>\n<\/ul>\n<p data-start=\"3303\" data-end=\"3424\">Pour exercer ces droits, il suffit d\u2019en faire la demande par email \u00e0 l\u2019adresse suivante :\u00a0<strong data-start=\"3398\" data-end=\"3424\">kamaliadistri@gmail.com<\/strong><\/p>\n<hr data-start=\"3426\" data-end=\"3429\" \/>\n<h2 data-start=\"3431\" data-end=\"3458\">Transmission des donn\u00e9es<\/h2>\n<p data-start=\"3460\" data-end=\"3594\">Les donn\u00e9es personnelles peuvent \u00eatre transmises \u00e0 des prestataires tiers uniquement dans le cadre strict de leur mission, notamment :<\/p>\n<ul data-start=\"3595\" data-end=\"3692\">\n<li data-start=\"3595\" data-end=\"3624\">\n<p data-start=\"3597\" data-end=\"3624\">h\u00e9bergement du site (OVH)<\/p>\n<\/li>\n<li data-start=\"3625\" data-end=\"3650\">\n<p data-start=\"3627\" data-end=\"3650\">gestion des paiements<\/p>\n<\/li>\n<li data-start=\"3651\" data-end=\"3692\">\n<p data-start=\"3653\" data-end=\"3692\">gestion des commandes via WooCommerce<\/p>\n<\/li>\n<\/ul>\n<p data-start=\"3694\" data-end=\"3766\">Ces prestataires sont tenus de respecter la confidentialit\u00e9 des donn\u00e9es.<\/p>\n<hr data-start=\"3768\" data-end=\"3771\" \/>\n<h2 data-start=\"3773\" data-end=\"3796\">S\u00e9curit\u00e9 des donn\u00e9es<\/h2>\n<p data-start=\"3798\" data-end=\"3956\">Essence Vagabonde met en \u0153uvre toutes les mesures raisonnables pour prot\u00e9ger les donn\u00e9es personnelles contre l\u2019acc\u00e8s non autoris\u00e9, la perte ou la divulgation.<\/p>\n<hr data-start=\"3958\" data-end=\"3961\" \/>\n<h2 data-start=\"3963\" data-end=\"4013\">Modification de la politique de confidentialit\u00e9<\/h2>\n<p data-start=\"4015\" data-end=\"4199\">Cette politique de confidentialit\u00e9 peut \u00eatre modifi\u00e9e \u00e0 tout moment afin de rester conforme aux \u00e9volutions l\u00e9gales ou techniques.<br data-start=\"4144\" data-end=\"4147\" \/>La version en vigueur est celle publi\u00e9e sur le site.<\/p>\n<hr data-start=\"4201\" data-end=\"4204\" \/>\n<h2 data-start=\"4206\" data-end=\"4216\">Contact<\/h2>\n<p>\u00a0<\/p>\n<p data-start=\"4218\" data-end=\"4404\">Pour toute question concernant cette politique de confidentialit\u00e9 ou le traitement des donn\u00e9es personnelles, vous pouvez nous contacter \u00e0 l\u2019adresse suivante :\u00a0<span style=\"font-weight: bold;\">kamaliadistri@gmail.com<\/span><\/p>\t\t\t\t\t\t\t\t<\/div>\n\t\t\t\t\t<\/div>\n\t\t\t\t<\/div>\n\t\t\t\t<\/div>\n\t\t","protected":false},"excerpt":{"rendered":"<p>Politique de confidentialit\u00e9 Le site Essence Vagabonde, accessible \u00e0 l\u2019adresse https:\/\/essence-vagabonde.fr, attache une importance particuli\u00e8re \u00e0 la protection des donn\u00e9es [&hellip;]<\/p>\n","protected":false},"author":1,"featured_media":0,"parent":0,"menu_order":0,"comment_status":"closed","ping_status":"open","template":"","meta":{"site-sidebar-layout":"default","site-content-layout":"","ast-site-content-layout":"default","site-content-style":"default","site-sidebar-style":"default","ast-global-header-display":"","ast-banner-title-visibility":"","ast-main-header-display":"","ast-hfb-above-header-display":"","ast-hfb-below-header-display":"","ast-hfb-mobile-header-display":"","site-post-title":"disabled","ast-breadcrumbs-content":"","ast-featured-img":"","footer-sml-layout":"","ast-disable-related-posts":"","theme-transparent-header-meta":"","adv-header-id-meta":"","stick-header-meta":"","header-above-stick-meta":"","header-main-stick-meta":"","header-below-stick-meta":"","astra-migrate-meta-layouts":"default","ast-page-background-enabled":"default","ast-page-background-meta":{"desktop":{"background-color":"var(--ast-global-color-5)","background-image":"","background-repeat":"repeat","background-position":"center center","background-size":"auto","background-attachment":"scroll","background-type":"","background-media":"","overlay-type":"","overlay-color":"","overlay-opacity":"","overlay-gradient":""},"tablet":{"background-color":"","background-image":"","background-repeat":"repeat","background-position":"center center","background-size":"auto","background-attachment":"scroll","background-type":"","background-media":"","overlay-type":"","overlay-color":"","overlay-opacity":"","overlay-gradient":""},"mobile":{"background-color":"","background-image":"","background-repeat":"repeat","background-position":"center center","background-size":"auto","background-attachment":"scroll","background-type":"","background-media":"","overlay-type":"","overlay-color":"","overlay-opacity":"","overlay-gradient":""}},"ast-content-background-meta":{"desktop":{"background-color":"var(--ast-global-color-4)","background-image":"","background-repeat":"repeat","background-position":"center center","background-size":"auto","background-attachment":"scroll","background-type":"","background-media":"","overlay-type":"","overlay-color":"","overlay-opacity":"","overlay-gradient":""},"tablet":{"background-color":"var(--ast-global-color-4)","background-image":"","background-repeat":"repeat","background-position":"center center","background-size":"auto","background-attachment":"scroll","background-type":"","background-media":"","overlay-type":"","overlay-color":"","overlay-opacity":"","overlay-gradient":""},"mobile":{"background-color":"var(--ast-global-color-4)","background-image":"","background-repeat":"repeat","background-position":"center center","background-size":"auto","background-attachment":"scroll","background-type":"","background-media":"","overlay-type":"","overlay-color":"","overlay-opacity":"","overlay-gradient":""}},"footnotes":""},"class_list":["post-3","page","type-page","status-publish","hentry"],"_links":{"self":[{"href":"https:\/\/essence-vagabonde.fr\/index.php?rest_route=\/wp\/v2\/pages\/3","targetHints":{"allow":["GET"]}}],"collection":[{"href":"https:\/\/essence-vagabonde.fr\/index.php?rest_route=\/wp\/v2\/pages"}],"about":[{"href":"https:\/\/essence-vagabonde.fr\/index.php?rest_route=\/wp\/v2\/types\/page"}],"author":[{"embeddable":true,"href":"https:\/\/essence-vagabonde.fr\/index.php?rest_route=\/wp\/v2\/users\/1"}],"replies":[{"embeddable":true,"href":"https:\/\/essence-vagabonde.fr\/index.php?rest_route=%2Fwp%2Fv2%2Fcomments&post=3"}],"version-history":[{"count":7,"href":"https:\/\/essence-vagabonde.fr\/index.php?rest_route=\/wp\/v2\/pages\/3\/revisions"}],"predecessor-version":[{"id":224,"href":"https:\/\/essence-vagabonde.fr\/index.php?rest_route=\/wp\/v2\/pages\/3\/revisions\/224"}],"wp:attachment":[{"href":"https:\/\/essence-vagabonde.fr\/index.php?rest_route=%2Fwp%2Fv2%2Fmedia&parent=3"}],"curies":[{"name":"wp","href":"https:\/\/api.w.org\/{rel}","templated":true}]}}