{"id":161,"date":"2025-12-16T11:49:41","date_gmt":"2025-12-16T10:49:41","guid":{"rendered":"https:\/\/essence-vagabonde.fr\/?post_type=product&#038;p=161"},"modified":"2025-12-16T11:49:42","modified_gmt":"2025-12-16T10:49:42","slug":"cache-epaules-a-franges-echappee-libre","status":"publish","type":"product","link":"https:\/\/essence-vagabonde.fr\/?product=cache-epaules-a-franges-echappee-libre","title":{"rendered":"Cache-\u00e9paules \u00e0 franges \u2013 \u00c9chapp\u00e9e Libre"},"content":{"rendered":"<h3 data-start=\"260\" data-end=\"275\">Description<\/h3>\n<p data-start=\"277\" data-end=\"585\">Le cache-\u00e9paules <strong data-start=\"294\" data-end=\"312\">\u00c9chapp\u00e9e Libre<\/strong> est une pi\u00e8ce fluide et expressive, pens\u00e9e pour accompagner le mouvement.<br data-start=\"386\" data-end=\"389\" \/>Ses longues franges apportent rythme et l\u00e9g\u00e8ret\u00e9, tandis que sa maille douce enveloppe les \u00e9paules avec naturel. Un v\u00eatement qui se pose comme une \u00e9vidence, entre libert\u00e9 boh\u00e8me et allure assum\u00e9e.<\/p>\n<p data-start=\"587\" data-end=\"699\">\u00c0 porter sur un top simple, une robe ou un pull fin, il transforme instantan\u00e9ment la silhouette sans l\u2019alourdir.<\/p>\n<hr data-start=\"701\" data-end=\"704\" \/>\n<h3 data-start=\"706\" data-end=\"725\">D\u00e9tails &amp; coupe<\/h3>\n<ul data-start=\"726\" data-end=\"900\">\n<li data-start=\"726\" data-end=\"761\">\n<p data-start=\"728\" data-end=\"761\">Cache-\u00e9paules \u00e0 franges longues<\/p>\n<\/li>\n<li data-start=\"762\" data-end=\"787\">\n<p data-start=\"764\" data-end=\"787\">Coupe ample et fluide<\/p>\n<\/li>\n<li data-start=\"788\" data-end=\"808\">\n<p data-start=\"790\" data-end=\"808\">Col montant doux<\/p>\n<\/li>\n<li data-start=\"809\" data-end=\"825\">\n<p data-start=\"811\" data-end=\"825\">Sans manches<\/p>\n<\/li>\n<li data-start=\"826\" data-end=\"864\">\n<p data-start=\"828\" data-end=\"864\">Maille souple et agr\u00e9able \u00e0 porter<\/p>\n<\/li>\n<li data-start=\"865\" data-end=\"900\">\n<p data-start=\"867\" data-end=\"900\">Franges sur le devant et le dos<\/p>\n<\/li>\n<\/ul>\n<hr data-start=\"902\" data-end=\"905\" \/>\n<h3 data-start=\"907\" data-end=\"925\">Conseils style<\/h3>\n<p data-start=\"926\" data-end=\"938\">Id\u00e9al avec :<\/p>\n<ul data-start=\"939\" data-end=\"1090\">\n<li data-start=\"939\" data-end=\"985\">\n<p data-start=\"941\" data-end=\"985\">un jean et un top noir pour un look nomade<\/p>\n<\/li>\n<li data-start=\"986\" data-end=\"1032\">\n<p data-start=\"988\" data-end=\"1032\">une robe fluide pour une silhouette boh\u00e8me<\/p>\n<\/li>\n<li data-start=\"1033\" data-end=\"1090\">\n<p data-start=\"1035\" data-end=\"1090\">des bottines ou des baskets selon l\u2019allure recherch\u00e9e<\/p>\n<\/li>\n<\/ul>\n<hr data-start=\"1092\" data-end=\"1095\" \/>\n<h3 data-start=\"1097\" data-end=\"1118\">Taille &amp; conseils<\/h3>\n<p data-start=\"1119\" data-end=\"1259\">Pauline mesure <strong data-start=\"1134\" data-end=\"1142\">1m65<\/strong> et porte une <strong data-start=\"1156\" data-end=\"1173\">taille unique<\/strong> sur les photos.<br data-start=\"1189\" data-end=\"1192\" \/>\ud83d\udc49 Convient du S au L selon l\u2019effet souhait\u00e9 (plus ou moins ample).<\/p>\n<hr data-start=\"1261\" data-end=\"1264\" \/>\n<h3 data-start=\"1266\" data-end=\"1294\">Esprit Essence Vagabonde<\/h3>\n<p data-start=\"1295\" data-end=\"1433\">Une pi\u00e8ce libre, textur\u00e9e et vivante, pens\u00e9e pour celles qui aiment les v\u00eatements qui racontent une histoire et accompagnent le mouvement.<\/p>\n","protected":false},"excerpt":{"rendered":"<p>Cache-\u00e9paules fluide \u00e0 franges longues, pens\u00e9 pour accompagner le mouvement et apporter une touche boh\u00e8me \u00e0 toutes les silhouettes.<\/p>\n","protected":false},"featured_media":30,"template":"","meta":{"site-sidebar-layout":"default","site-content-layout":"","ast-site-content-layout":"default","site-content-style":"default","site-sidebar-style":"default","ast-global-header-display":"","ast-banner-title-visibility":"","ast-main-header-display":"","ast-hfb-above-header-display":"","ast-hfb-below-header-display":"","ast-hfb-mobile-header-display":"","site-post-title":"","ast-breadcrumbs-content":"","ast-featured-img":"","footer-sml-layout":"","ast-disable-related-posts":"","theme-transparent-header-meta":"default","adv-header-id-meta":"","stick-header-meta":"","header-above-stick-meta":"","header-main-stick-meta":"","header-below-stick-meta":"","astra-migrate-meta-layouts":"set","ast-page-background-enabled":"default","ast-page-background-meta":{"desktop":{"background-color":"var(--ast-global-color-5)","background-image":"","background-repeat":"repeat","background-position":"center center","background-size":"auto","background-attachment":"scroll","background-type":"","background-media":"","overlay-type":"","overlay-color":"","overlay-opacity":"","overlay-gradient":""},"tablet":{"background-color":"","background-image":"","background-repeat":"repeat","background-position":"center center","background-size":"auto","background-attachment":"scroll","background-type":"","background-media":"","overlay-type":"","overlay-color":"","overlay-opacity":"","overlay-gradient":""},"mobile":{"background-color":"","background-image":"","background-repeat":"repeat","background-position":"center center","background-size":"auto","background-attachment":"scroll","background-type":"","background-media":"","overlay-type":"","overlay-color":"","overlay-opacity":"","overlay-gradient":""}},"ast-content-background-meta":{"desktop":{"background-color":"var(--ast-global-color-4)","background-image":"","background-repeat":"repeat","background-position":"center center","background-size":"auto","background-attachment":"scroll","background-type":"","background-media":"","overlay-type":"","overlay-color":"","overlay-opacity":"","overlay-gradient":""},"tablet":{"background-color":"var(--ast-global-color-4)","background-image":"","background-repeat":"repeat","background-position":"center center","background-size":"auto","background-attachment":"scroll","background-type":"","background-media":"","overlay-type":"","overlay-color":"","overlay-opacity":"","overlay-gradient":""},"mobile":{"background-color":"var(--ast-global-color-4)","background-image":"","background-repeat":"repeat","background-position":"center center","background-size":"auto","background-attachment":"scroll","background-type":"","background-media":"","overlay-type":"","overlay-color":"","overlay-opacity":"","overlay-gradient":""}}},"product_brand":[],"product_cat":[27,28],"product_tag":[37,36,38,41,24,40,39,42],"class_list":{"0":"post-161","1":"product","2":"type-product","3":"status-publish","4":"has-post-thumbnail","6":"product_cat-exploratrice-urbaine","7":"product_cat-tisseuse-daventure","8":"product_tag-cache-epaules","9":"product_tag-essence-vagabonde","10":"product_tag-franges","11":"product_tag-look-nomade","12":"product_tag-mode-feminine","13":"product_tag-piece-fluide","14":"product_tag-style-boheme","15":"product_tag-tisseuse-daventure","16":"desktop-align-left","17":"tablet-align-left","18":"mobile-align-left","20":"first","21":"instock","22":"taxable","23":"shipping-taxable","24":"purchasable","25":"product-type-simple"},"_links":{"self":[{"href":"https:\/\/essence-vagabonde.fr\/index.php?rest_route=\/wp\/v2\/product\/161","targetHints":{"allow":["GET"]}}],"collection":[{"href":"https:\/\/essence-vagabonde.fr\/index.php?rest_route=\/wp\/v2\/product"}],"about":[{"href":"https:\/\/essence-vagabonde.fr\/index.php?rest_route=\/wp\/v2\/types\/product"}],"wp:featuredmedia":[{"embeddable":true,"href":"https:\/\/essence-vagabonde.fr\/index.php?rest_route=\/wp\/v2\/media\/30"}],"wp:attachment":[{"href":"https:\/\/essence-vagabonde.fr\/index.php?rest_route=%2Fwp%2Fv2%2Fmedia&parent=161"}],"wp:term":[{"taxonomy":"product_brand","embeddable":true,"href":"https:\/\/essence-vagabonde.fr\/index.php?rest_route=%2Fwp%2Fv2%2Fproduct_brand&post=161"},{"taxonomy":"product_cat","embeddable":true,"href":"https:\/\/essence-vagabonde.fr\/index.php?rest_route=%2Fwp%2Fv2%2Fproduct_cat&post=161"},{"taxonomy":"product_tag","embeddable":true,"href":"https:\/\/essence-vagabonde.fr\/index.php?rest_route=%2Fwp%2Fv2%2Fproduct_tag&post=161"}],"curies":[{"name":"wp","href":"https:\/\/api.w.org\/{rel}","templated":true}]}}